{"id":63,"date":"2023-10-25T15:10:05","date_gmt":"2023-10-25T13:10:05","guid":{"rendered":"https:\/\/drevomall.cz\/?page_id=63"},"modified":"2026-05-01T11:21:25","modified_gmt":"2026-05-01T09:21:25","slug":"brikety-2","status":"publish","type":"page","link":"http:\/\/drevomall.cz\/?page_id=63","title":{"rendered":"Brikety"},"content":{"rendered":"\n<div class=\"wp-block-columns is-layout-flex wp-container-core-columns-is-layout-1 wp-block-columns-is-layout-flex\">\n<div class=\"wp-block-column is-layout-flow wp-block-column-is-layout-flow\">\n<h2 class=\"wp-block-heading\">BUK RUF \u0160TANDARD<\/h2>\n\n\n\n<h2 class=\"wp-block-heading has-vivid-red-color has-text-color has-large-font-size\"><strong>7100K\u010d\/paleta (960Kg) <\/strong><\/h2>\n\n\n\n<p class=\"has-vivid-red-color has-text-color has-link-color has-large-font-size wp-elements-ebb155da569e6916ee514766dcf6dcec\"><em><strong>OD 2 PALET 6800K\u010d\/paleta<\/strong><\/em><\/p>\n\n\n\n<p class=\"has-vivid-red-color has-text-color has-link-color has-large-font-size wp-elements-eb237a8d538433cb309849a77938bce7\"><strong>ATYP RUF 6900K\u010d\/paleta<\/strong> <strong>(960Kg)<\/strong> <\/p>\n\n\n\n<p class=\"has-vivid-red-color has-text-color has-link-color has-large-font-size wp-elements-bf0ba88655cc3edb8e30a9e02d07574b\"><strong><em>OD 2 PALET 6400K\u010d\/paleta<\/em><\/strong><\/p>\n\n\n<div class=\"wp-block-image\">\n<figure class=\"aligncenter size-medium is-resized\"><img loading=\"lazy\" decoding=\"async\" width=\"234\" height=\"300\" src=\"https:\/\/drevomall.cz\/wp-content\/uploads\/2023\/11\/RUF-BUK-234x300.png\" alt=\"\" class=\"wp-image-183\" style=\"aspect-ratio:0.78;width:186px;height:auto\" srcset=\"http:\/\/drevomall.cz\/wp-content\/uploads\/2023\/11\/RUF-BUK-234x300.png 234w, http:\/\/drevomall.cz\/wp-content\/uploads\/2023\/11\/RUF-BUK-798x1024.png 798w, http:\/\/drevomall.cz\/wp-content\/uploads\/2023\/11\/RUF-BUK-768x985.png 768w, http:\/\/drevomall.cz\/wp-content\/uploads\/2023\/11\/RUF-BUK.png 895w\" sizes=\"(max-width: 234px) 100vw, 234px\" \/><\/figure><\/div>\n\n\n<p>Ilustra\u010dn\u00ed foto<\/p>\n<\/div>\n\n\n\n<div class=\"wp-block-column is-layout-flow wp-block-column-is-layout-flow\">\n<h2 class=\"wp-block-heading\">BUK RUF &#8222;salonka&#8220;<\/h2>\n\n\n\n<h2 class=\"wp-block-heading has-vivid-red-color has-text-color has-link-color wp-elements-20de1feb0c7fb5af5448f3a1a6ede545\"><strong><mark style=\"background-color:rgba(0, 0, 0, 0)\" class=\"has-inline-color has-vivid-red-color\">7300K\u010d\/paleta (960kg)<\/mark><\/strong><\/h2>\n\n\n<div class=\"wp-block-image\">\n<figure class=\"aligncenter size-full is-resized\"><img loading=\"lazy\" decoding=\"async\" width=\"945\" height=\"985\" src=\"http:\/\/drevomall.cz\/wp-content\/uploads\/2023\/10\/1546f31a-738d-4f05-b55c-0de7207e7a5d-1.png\" alt=\"\" class=\"wp-image-40\" style=\"aspect-ratio:0.9593908629441624;width:211px;height:auto\" srcset=\"http:\/\/drevomall.cz\/wp-content\/uploads\/2023\/10\/1546f31a-738d-4f05-b55c-0de7207e7a5d-1.png 945w, http:\/\/drevomall.cz\/wp-content\/uploads\/2023\/10\/1546f31a-738d-4f05-b55c-0de7207e7a5d-1-288x300.png 288w, http:\/\/drevomall.cz\/wp-content\/uploads\/2023\/10\/1546f31a-738d-4f05-b55c-0de7207e7a5d-1-768x801.png 768w\" sizes=\"(max-width: 945px) 100vw, 945px\" \/><\/figure><\/div><\/div>\n\n\n\n<div class=\"wp-block-column is-layout-flow wp-block-column-is-layout-flow\">\n<h2 class=\"wp-block-heading\">V\u00e1lce BUK 9cm<\/h2>\n\n\n\n<h2 class=\"wp-block-heading has-vivid-red-color has-text-color has-link-color wp-elements-72d536e07874f9816736bdf1c69b8ec9\"><strong><mark style=\"background-color:rgba(0, 0, 0, 0)\" class=\"has-inline-color has-vivid-red-color\">8900K\u010d\/paleta (960kg)<\/mark><\/strong><\/h2>\n\n\n\n<figure class=\"wp-block-image size-full\"><img loading=\"lazy\" decoding=\"async\" width=\"591\" height=\"591\" src=\"https:\/\/drevomall.cz\/wp-content\/uploads\/2024\/11\/valec-buk.png\" alt=\"\" class=\"wp-image-474\" srcset=\"http:\/\/drevomall.cz\/wp-content\/uploads\/2024\/11\/valec-buk.png 591w, http:\/\/drevomall.cz\/wp-content\/uploads\/2024\/11\/valec-buk-300x300.png 300w, http:\/\/drevomall.cz\/wp-content\/uploads\/2024\/11\/valec-buk-150x150.png 150w\" sizes=\"(max-width: 591px) 100vw, 591px\" \/><\/figure>\n<\/div>\n<\/div>\n\n\n\n<hr class=\"wp-block-separator has-alpha-channel-opacity is-style-wide\"\/>\n\n\n\n<div class=\"wp-block-columns is-layout-flex wp-container-core-columns-is-layout-2 wp-block-columns-is-layout-flex\">\n<div class=\"wp-block-column is-layout-flow wp-block-column-is-layout-flow\">\n<h2 class=\"wp-block-heading\">B\u0158\u00cdZA RUF<\/h2>\n\n\n\n<h2 class=\"wp-block-heading\"><strong><mark style=\"background-color:rgba(0, 0, 0, 0)\" class=\"has-inline-color has-vivid-red-color\">VYPROD\u00c1NO<\/mark><\/strong><\/h2>\n\n\n<div class=\"wp-block-image is-style-default\">\n<figure class=\"aligncenter size-medium is-resized\"><img loading=\"lazy\" decoding=\"async\" width=\"232\" height=\"300\" src=\"https:\/\/drevomall.cz\/wp-content\/uploads\/2023\/11\/breza-ruf-bez-pozadia-232x300.png\" alt=\"\" class=\"wp-image-184\" style=\"aspect-ratio:0.7733333333333333;width:184px;height:auto\" srcset=\"http:\/\/drevomall.cz\/wp-content\/uploads\/2023\/11\/breza-ruf-bez-pozadia-232x300.png 232w, http:\/\/drevomall.cz\/wp-content\/uploads\/2023\/11\/breza-ruf-bez-pozadia-792x1024.png 792w, http:\/\/drevomall.cz\/wp-content\/uploads\/2023\/11\/breza-ruf-bez-pozadia-768x993.png 768w, http:\/\/drevomall.cz\/wp-content\/uploads\/2023\/11\/breza-ruf-bez-pozadia.png 810w\" sizes=\"(max-width: 232px) 100vw, 232px\" \/><\/figure><\/div><\/div>\n\n\n\n<div class=\"wp-block-column is-layout-flow wp-block-column-is-layout-flow\">\n<h2 class=\"wp-block-heading\" id=\"briketyraselina\">Ra\u0161elina<br>       <\/h2>\n\n\n\n<h2 class=\"wp-block-heading\"><strong><mark style=\"background-color:rgba(0, 0, 0, 0)\" class=\"has-inline-color has-vivid-red-color\">6400K\u010d\/paleta (1000kg)<\/mark><\/strong><\/h2>\n\n\n\n<p class=\"has-vivid-red-color has-text-color has-link-color has-large-font-size wp-elements-0a34149aaa7fbee59601f22823094035\"><strong>OD 2 PALET 5900K\u010d\/paleta<\/strong><\/p>\n\n\n\n<p><\/p>\n\n\n\n<figure class=\"wp-block-image size-large is-resized\"><img loading=\"lazy\" decoding=\"async\" width=\"1024\" height=\"781\" src=\"https:\/\/drevomall.cz\/wp-content\/uploads\/2023\/11\/raselina-bez-pozadia-1024x781.png\" alt=\"\" class=\"wp-image-188\" style=\"aspect-ratio:1.3111395646606914;width:229px;height:auto\" srcset=\"http:\/\/drevomall.cz\/wp-content\/uploads\/2023\/11\/raselina-bez-pozadia-1024x781.png 1024w, http:\/\/drevomall.cz\/wp-content\/uploads\/2023\/11\/raselina-bez-pozadia-300x229.png 300w, http:\/\/drevomall.cz\/wp-content\/uploads\/2023\/11\/raselina-bez-pozadia-768x586.png 768w, http:\/\/drevomall.cz\/wp-content\/uploads\/2023\/11\/raselina-bez-pozadia.png 1263w\" sizes=\"(max-width: 1024px) 100vw, 1024px\" \/><\/figure>\n<\/div>\n\n\n\n<div class=\"wp-block-column is-layout-flow wp-block-column-is-layout-flow\">\n<h2 class=\"wp-block-heading\">SMRK RUF<\/h2>\n\n\n\n<h2 class=\"wp-block-heading\"><strong><mark style=\"background-color:rgba(0, 0, 0, 0)\" class=\"has-inline-color has-vivid-red-color\">7300K\u010d\/paleta (960Kg)  <\/mark><\/strong><\/h2>\n\n\n\n<p><\/p>\n\n\n\n<figure class=\"wp-block-image size-full is-resized\"><img loading=\"lazy\" decoding=\"async\" width=\"946\" height=\"1018\" src=\"https:\/\/drevomall.cz\/wp-content\/uploads\/2023\/11\/smrek-ruf-bez-pozadia.png\" alt=\"\" class=\"wp-image-185\" style=\"aspect-ratio:0.9292730844793713;width:210px;height:auto\" srcset=\"http:\/\/drevomall.cz\/wp-content\/uploads\/2023\/11\/smrek-ruf-bez-pozadia.png 946w, http:\/\/drevomall.cz\/wp-content\/uploads\/2023\/11\/smrek-ruf-bez-pozadia-279x300.png 279w, http:\/\/drevomall.cz\/wp-content\/uploads\/2023\/11\/smrek-ruf-bez-pozadia-768x826.png 768w\" sizes=\"(max-width: 946px) 100vw, 946px\" \/><\/figure>\n<\/div>\n<\/div>\n\n\n\n<hr class=\"wp-block-separator has-alpha-channel-opacity is-style-wide\"\/>\n\n\n\n<div class=\"wp-block-columns is-layout-flex wp-container-core-columns-is-layout-3 wp-block-columns-is-layout-flex\">\n<div class=\"wp-block-column is-layout-flow wp-block-column-is-layout-flow\">\n<h2 class=\"wp-block-heading\">V\u00e1lce NESTRO SMRK<\/h2>\n\n\n\n<h2 class=\"wp-block-heading has-vivid-red-color has-text-color has-link-color wp-elements-b1a75a6c667550fb3f5e25c1895070aa\"><strong><mark style=\"background-color:rgba(0, 0, 0, 0)\" class=\"has-inline-color has-vivid-red-color\">6800K\u010d\/paleta (960kg)<\/mark><\/strong> <strong>AKCE!!!<\/strong><\/h2>\n\n\n\n<figure class=\"wp-block-image size-full\"><img loading=\"lazy\" decoding=\"async\" width=\"900\" height=\"600\" src=\"http:\/\/drevomall.cz\/wp-content\/uploads\/2023\/10\/valcove-brikety-pila-vasilov-bez-pozadia-2.png\" alt=\"\" class=\"wp-image-83\" srcset=\"http:\/\/drevomall.cz\/wp-content\/uploads\/2023\/10\/valcove-brikety-pila-vasilov-bez-pozadia-2.png 900w, http:\/\/drevomall.cz\/wp-content\/uploads\/2023\/10\/valcove-brikety-pila-vasilov-bez-pozadia-2-300x200.png 300w, http:\/\/drevomall.cz\/wp-content\/uploads\/2023\/10\/valcove-brikety-pila-vasilov-bez-pozadia-2-768x512.png 768w\" sizes=\"(max-width: 900px) 100vw, 900px\" \/><\/figure>\n<\/div>\n\n\n\n<div class=\"wp-block-column is-layout-flow wp-block-column-is-layout-flow\">\n<h2 class=\"wp-block-heading\">V\u00e1lce NESTRO BUK 7cm<\/h2>\n\n\n\n<h2 class=\"wp-block-heading has-vivid-red-color has-text-color has-link-color wp-elements-f63f3508c251e8ea95753acf6e9af321\"><strong><mark style=\"background-color:rgba(0, 0, 0, 0)\" class=\"has-inline-color has-vivid-red-color\">VYPRODAN\u00c9<\/mark><\/strong><\/h2>\n\n\n\n<p><\/p>\n\n\n\n<figure class=\"wp-block-image size-large\"><img loading=\"lazy\" decoding=\"async\" width=\"1024\" height=\"768\" src=\"https:\/\/drevomall.cz\/wp-content\/uploads\/2025\/08\/krabica-1024x768.jpg\" alt=\"\" class=\"wp-image-522\" srcset=\"http:\/\/drevomall.cz\/wp-content\/uploads\/2025\/08\/krabica-1024x768.jpg 1024w, http:\/\/drevomall.cz\/wp-content\/uploads\/2025\/08\/krabica-300x225.jpg 300w, http:\/\/drevomall.cz\/wp-content\/uploads\/2025\/08\/krabica-768x576.jpg 768w, http:\/\/drevomall.cz\/wp-content\/uploads\/2025\/08\/krabica-1536x1152.jpg 1536w, http:\/\/drevomall.cz\/wp-content\/uploads\/2025\/08\/krabica.jpg 2000w\" sizes=\"(max-width: 1024px) 100vw, 1024px\" \/><\/figure>\n<\/div>\n\n\n\n<div class=\"wp-block-column is-layout-flow wp-block-column-is-layout-flow\">\n<h2 class=\"wp-block-heading\">DUB RUF<br>         <\/h2>\n\n\n\n<h2 class=\"wp-block-heading has-vivid-red-color has-text-color has-link-color wp-elements-94c07533e8a65e13aacf69b6b1ef494c\"><strong>VYPRODAN\u00c9<\/strong><\/h2>\n\n\n<div class=\"wp-block-image\">\n<figure class=\"aligncenter size-large is-resized\"><img loading=\"lazy\" decoding=\"async\" width=\"798\" height=\"1024\" src=\"http:\/\/drevomall.cz\/wp-content\/uploads\/2023\/11\/RUF-BUK-798x1024.png\" alt=\"\" class=\"wp-image-183\" style=\"aspect-ratio:0.779296875;width:163px;height:auto\" srcset=\"http:\/\/drevomall.cz\/wp-content\/uploads\/2023\/11\/RUF-BUK-798x1024.png 798w, http:\/\/drevomall.cz\/wp-content\/uploads\/2023\/11\/RUF-BUK-234x300.png 234w, http:\/\/drevomall.cz\/wp-content\/uploads\/2023\/11\/RUF-BUK-768x985.png 768w, http:\/\/drevomall.cz\/wp-content\/uploads\/2023\/11\/RUF-BUK.png 895w\" sizes=\"(max-width: 798px) 100vw, 798px\" \/><\/figure><\/div>\n\n\n<p>Ilustra\u010dn\u00ed foto<\/p>\n<\/div>\n<\/div>\n\n\n\n<hr class=\"wp-block-separator has-alpha-channel-opacity is-style-wide\"\/>\n\n\n\n<div class=\"wp-block-columns is-layout-flex wp-container-core-columns-is-layout-4 wp-block-columns-is-layout-flex\">\n<div class=\"wp-block-column is-layout-flow wp-block-column-is-layout-flow\">\n<h2 class=\"wp-block-heading\">BUK-SMRK     MIX-RUF<\/h2>\n\n\n\n<h2 class=\"wp-block-heading has-vivid-red-color has-text-color has-link-color wp-elements-cea8d114e3d50877b7c922c4ea8311d9\"><strong>VYPROD\u00c1NO<\/strong><\/h2>\n\n\n<div class=\"wp-block-image\">\n<figure class=\"aligncenter size-large is-resized\"><img loading=\"lazy\" decoding=\"async\" width=\"798\" height=\"1024\" src=\"http:\/\/drevomall.cz\/wp-content\/uploads\/2023\/11\/RUF-BUK-798x1024.png\" alt=\"\" class=\"wp-image-183\" style=\"aspect-ratio:0.779296875;width:178px;height:auto\" srcset=\"http:\/\/drevomall.cz\/wp-content\/uploads\/2023\/11\/RUF-BUK-798x1024.png 798w, http:\/\/drevomall.cz\/wp-content\/uploads\/2023\/11\/RUF-BUK-234x300.png 234w, http:\/\/drevomall.cz\/wp-content\/uploads\/2023\/11\/RUF-BUK-768x985.png 768w, http:\/\/drevomall.cz\/wp-content\/uploads\/2023\/11\/RUF-BUK.png 895w\" sizes=\"(max-width: 798px) 100vw, 798px\" \/><\/figure><\/div>\n\n\n<p>Ilustra\u010dn\u00ed foto<\/p>\n<\/div>\n\n\n\n<div class=\"wp-block-column is-layout-flow wp-block-column-is-layout-flow\">\n<h2 class=\"wp-block-heading\">V\u00e1lce NESTRO Smrk s d\u00edrou<\/h2>\n\n\n\n<h2 class=\"wp-block-heading has-vivid-red-color has-text-color has-link-color wp-elements-e9675a46549a15883204830a25ffad33\"><strong><mark style=\"background-color:rgba(0, 0, 0, 0)\" class=\"has-inline-color has-vivid-red-color\">VYPROD\u00c1NO<\/mark><\/strong><\/h2>\n\n\n\n<figure class=\"wp-block-image size-large\"><img loading=\"lazy\" decoding=\"async\" width=\"744\" height=\"1024\" src=\"https:\/\/drevomall.cz\/wp-content\/uploads\/2024\/08\/20240807_134551-oprava-744x1024.jpg\" alt=\"\" class=\"wp-image-446\" srcset=\"http:\/\/drevomall.cz\/wp-content\/uploads\/2024\/08\/20240807_134551-oprava-744x1024.jpg 744w, http:\/\/drevomall.cz\/wp-content\/uploads\/2024\/08\/20240807_134551-oprava-218x300.jpg 218w, http:\/\/drevomall.cz\/wp-content\/uploads\/2024\/08\/20240807_134551-oprava-768x1057.jpg 768w, http:\/\/drevomall.cz\/wp-content\/uploads\/2024\/08\/20240807_134551-oprava-1116x1536.jpg 1116w, http:\/\/drevomall.cz\/wp-content\/uploads\/2024\/08\/20240807_134551-oprava-1488x2048.jpg 1488w, http:\/\/drevomall.cz\/wp-content\/uploads\/2024\/08\/20240807_134551-oprava.jpg 1659w\" sizes=\"(max-width: 744px) 100vw, 744px\" \/><\/figure>\n<\/div>\n\n\n\n<div class=\"wp-block-column is-layout-flow wp-block-column-is-layout-flow\">\n<h2 class=\"wp-block-heading\">PINI-KAY <br>BUK-DUB<\/h2>\n\n\n\n<h2 class=\"wp-block-heading has-vivid-red-color has-text-color has-link-color wp-elements-e601bc9df9dd9810101e79c085f33c24\"><strong><mark style=\"background-color:rgba(0, 0, 0, 0)\" class=\"has-inline-color has-vivid-red-color\">8300K\u010d\/paleta (960kg<\/mark>)<\/strong> <\/h2>\n\n\n<div class=\"wp-block-image\">\n<figure class=\"aligncenter size-large is-resized\"><img loading=\"lazy\" decoding=\"async\" width=\"848\" height=\"1024\" src=\"http:\/\/drevomall.cz\/wp-content\/uploads\/2023\/10\/pini-kay-848x1024.png\" alt=\"\" class=\"wp-image-84\" style=\"aspect-ratio:0.828125;width:182px;height:auto\" srcset=\"http:\/\/drevomall.cz\/wp-content\/uploads\/2023\/10\/pini-kay-848x1024.png 848w, http:\/\/drevomall.cz\/wp-content\/uploads\/2023\/10\/pini-kay-249x300.png 249w, http:\/\/drevomall.cz\/wp-content\/uploads\/2023\/10\/pini-kay-768x927.png 768w, http:\/\/drevomall.cz\/wp-content\/uploads\/2023\/10\/pini-kay.png 1038w\" sizes=\"(max-width: 848px) 100vw, 848px\" \/><\/figure><\/div><\/div>\n<\/div>\n\n\n\n<hr class=\"wp-block-separator has-alpha-channel-opacity is-style-wide\"\/>\n\n\n\n<div class=\"wp-block-columns is-layout-flex wp-container-core-columns-is-layout-5 wp-block-columns-is-layout-flex\">\n<div class=\"wp-block-column is-layout-flow wp-block-column-is-layout-flow\"><\/div>\n\n\n\n<div class=\"wp-block-column is-layout-flow wp-block-column-is-layout-flow\"><\/div>\n<\/div>\n","protected":false},"excerpt":{"rendered":"<p>BUK RUF \u0160TANDARD 7100K\u010d\/paleta (960Kg) OD 2 PALET 6800K\u010d\/paleta ATYP RUF 6900K\u010d\/paleta (960Kg) OD 2 PALET 6400K\u010d\/paleta Ilustra\u010dn\u00ed foto BUK RUF &#8222;salonka&#8220; 7300K\u010d\/paleta (960kg) V\u00e1lce&hellip;<\/p>\n","protected":false},"author":1,"featured_media":73,"parent":0,"menu_order":0,"comment_status":"closed","ping_status":"closed","template":"","meta":{"_monsterinsights_skip_tracking":false,"_monsterinsights_sitenote_active":false,"_monsterinsights_sitenote_note":"","_monsterinsights_sitenote_category":0,"footnotes":""},"class_list":["post-63","page","type-page","status-publish","has-post-thumbnail","hentry"],"yoast_head":"<!-- This site is optimized with the Yoast SEO plugin v25.6 - https:\/\/yoast.com\/wordpress\/plugins\/seo\/ -->\n<title>Brikety - DREVOMALL.CZ<\/title>\n<meta name=\"robots\" content=\"index, follow, max-snippet:-1, max-image-preview:large, max-video-preview:-1\" \/>\n<link rel=\"canonical\" href=\"https:\/\/drevomall.cz\/?page_id=63\" \/>\n<meta property=\"og:locale\" content=\"sk_SK\" \/>\n<meta property=\"og:type\" content=\"article\" \/>\n<meta property=\"og:title\" content=\"Brikety - DREVOMALL.CZ\" \/>\n<meta property=\"og:description\" content=\"BUK RUF \u0160TANDARD 7100K\u010d\/paleta (960Kg) OD 2 PALET 6800K\u010d\/paleta ATYP RUF 6900K\u010d\/paleta (960Kg) OD 2 PALET 6400K\u010d\/paleta Ilustra\u010dn\u00ed foto BUK RUF &#8222;salonka&#8220; 7300K\u010d\/paleta (960kg) V\u00e1lce&hellip;\" \/>\n<meta property=\"og:url\" content=\"https:\/\/drevomall.cz\/?page_id=63\" \/>\n<meta property=\"og:site_name\" content=\"DREVOMALL.CZ\" \/>\n<meta property=\"article:modified_time\" content=\"2026-05-01T09:21:25+00:00\" \/>\n<meta property=\"og:image\" content=\"http:\/\/drevomall.cz\/wp-content\/uploads\/2023\/10\/ruf-na-vrch-na-stranku-scaled.jpg\" \/>\n\t<meta property=\"og:image:width\" content=\"2560\" \/>\n\t<meta property=\"og:image:height\" content=\"768\" \/>\n\t<meta property=\"og:image:type\" content=\"image\/jpeg\" \/>\n<meta name=\"twitter:card\" content=\"summary_large_image\" \/>\n<meta name=\"twitter:label1\" content=\"Predpokladan\u00fd \u010das \u010d\u00edtania\" \/>\n\t<meta name=\"twitter:data1\" content=\"4 min\u00faty\" \/>\n<script type=\"application\/ld+json\" class=\"yoast-schema-graph\">{\"@context\":\"https:\/\/schema.org\",\"@graph\":[{\"@type\":\"WebPage\",\"@id\":\"https:\/\/drevomall.cz\/?page_id=63\",\"url\":\"https:\/\/drevomall.cz\/?page_id=63\",\"name\":\"Brikety - DREVOMALL.CZ\",\"isPartOf\":{\"@id\":\"https:\/\/drevomall.cz\/#website\"},\"primaryImageOfPage\":{\"@id\":\"https:\/\/drevomall.cz\/?page_id=63#primaryimage\"},\"image\":{\"@id\":\"https:\/\/drevomall.cz\/?page_id=63#primaryimage\"},\"thumbnailUrl\":\"http:\/\/drevomall.cz\/wp-content\/uploads\/2023\/10\/ruf-na-vrch-na-stranku-scaled.jpg\",\"datePublished\":\"2023-10-25T13:10:05+00:00\",\"dateModified\":\"2026-05-01T09:21:25+00:00\",\"breadcrumb\":{\"@id\":\"https:\/\/drevomall.cz\/?page_id=63#breadcrumb\"},\"inLanguage\":\"sk-SK\",\"potentialAction\":[{\"@type\":\"ReadAction\",\"target\":[\"https:\/\/drevomall.cz\/?page_id=63\"]}]},{\"@type\":\"ImageObject\",\"inLanguage\":\"sk-SK\",\"@id\":\"https:\/\/drevomall.cz\/?page_id=63#primaryimage\",\"url\":\"http:\/\/drevomall.cz\/wp-content\/uploads\/2023\/10\/ruf-na-vrch-na-stranku-scaled.jpg\",\"contentUrl\":\"http:\/\/drevomall.cz\/wp-content\/uploads\/2023\/10\/ruf-na-vrch-na-stranku-scaled.jpg\",\"width\":2560,\"height\":768,\"caption\":\"BRIKETY\"},{\"@type\":\"BreadcrumbList\",\"@id\":\"https:\/\/drevomall.cz\/?page_id=63#breadcrumb\",\"itemListElement\":[{\"@type\":\"ListItem\",\"position\":1,\"name\":\"Domovsk\u00e1 str\u00e1nka\",\"item\":\"https:\/\/drevomall.cz\/\"},{\"@type\":\"ListItem\",\"position\":2,\"name\":\"Brikety\"}]},{\"@type\":\"WebSite\",\"@id\":\"https:\/\/drevomall.cz\/#website\",\"url\":\"https:\/\/drevomall.cz\/\",\"name\":\"DREVOMALL.CZ\",\"description\":\"Teplo domova ...\",\"publisher\":{\"@id\":\"https:\/\/drevomall.cz\/#organization\"},\"potentialAction\":[{\"@type\":\"SearchAction\",\"target\":{\"@type\":\"EntryPoint\",\"urlTemplate\":\"https:\/\/drevomall.cz\/?s={search_term_string}\"},\"query-input\":{\"@type\":\"PropertyValueSpecification\",\"valueRequired\":true,\"valueName\":\"search_term_string\"}}],\"inLanguage\":\"sk-SK\"},{\"@type\":\"Organization\",\"@id\":\"https:\/\/drevomall.cz\/#organization\",\"name\":\"DREVOMALL\",\"url\":\"https:\/\/drevomall.cz\/\",\"logo\":{\"@type\":\"ImageObject\",\"inLanguage\":\"sk-SK\",\"@id\":\"https:\/\/drevomall.cz\/#\/schema\/logo\/image\/\",\"url\":\"https:\/\/drevomall.cz\/wp-content\/uploads\/2023\/10\/cropped-cropped-drevomall-logo-bez-pozadia.png\",\"contentUrl\":\"https:\/\/drevomall.cz\/wp-content\/uploads\/2023\/10\/cropped-cropped-drevomall-logo-bez-pozadia.png\",\"width\":512,\"height\":512,\"caption\":\"DREVOMALL\"},\"image\":{\"@id\":\"https:\/\/drevomall.cz\/#\/schema\/logo\/image\/\"}}]}<\/script>\n<!-- \/ Yoast SEO plugin. -->","yoast_head_json":{"title":"Brikety - DREVOMALL.CZ","robots":{"index":"index","follow":"follow","max-snippet":"max-snippet:-1","max-image-preview":"max-image-preview:large","max-video-preview":"max-video-preview:-1"},"canonical":"https:\/\/drevomall.cz\/?page_id=63","og_locale":"sk_SK","og_type":"article","og_title":"Brikety - DREVOMALL.CZ","og_description":"BUK RUF \u0160TANDARD 7100K\u010d\/paleta (960Kg) OD 2 PALET 6800K\u010d\/paleta ATYP RUF 6900K\u010d\/paleta (960Kg) OD 2 PALET 6400K\u010d\/paleta Ilustra\u010dn\u00ed foto BUK RUF &#8222;salonka&#8220; 7300K\u010d\/paleta (960kg) V\u00e1lce&hellip;","og_url":"https:\/\/drevomall.cz\/?page_id=63","og_site_name":"DREVOMALL.CZ","article_modified_time":"2026-05-01T09:21:25+00:00","og_image":[{"width":2560,"height":768,"url":"http:\/\/drevomall.cz\/wp-content\/uploads\/2023\/10\/ruf-na-vrch-na-stranku-scaled.jpg","type":"image\/jpeg"}],"twitter_card":"summary_large_image","twitter_misc":{"Predpokladan\u00fd \u010das \u010d\u00edtania":"4 min\u00faty"},"schema":{"@context":"https:\/\/schema.org","@graph":[{"@type":"WebPage","@id":"https:\/\/drevomall.cz\/?page_id=63","url":"https:\/\/drevomall.cz\/?page_id=63","name":"Brikety - DREVOMALL.CZ","isPartOf":{"@id":"https:\/\/drevomall.cz\/#website"},"primaryImageOfPage":{"@id":"https:\/\/drevomall.cz\/?page_id=63#primaryimage"},"image":{"@id":"https:\/\/drevomall.cz\/?page_id=63#primaryimage"},"thumbnailUrl":"http:\/\/drevomall.cz\/wp-content\/uploads\/2023\/10\/ruf-na-vrch-na-stranku-scaled.jpg","datePublished":"2023-10-25T13:10:05+00:00","dateModified":"2026-05-01T09:21:25+00:00","breadcrumb":{"@id":"https:\/\/drevomall.cz\/?page_id=63#breadcrumb"},"inLanguage":"sk-SK","potentialAction":[{"@type":"ReadAction","target":["https:\/\/drevomall.cz\/?page_id=63"]}]},{"@type":"ImageObject","inLanguage":"sk-SK","@id":"https:\/\/drevomall.cz\/?page_id=63#primaryimage","url":"http:\/\/drevomall.cz\/wp-content\/uploads\/2023\/10\/ruf-na-vrch-na-stranku-scaled.jpg","contentUrl":"http:\/\/drevomall.cz\/wp-content\/uploads\/2023\/10\/ruf-na-vrch-na-stranku-scaled.jpg","width":2560,"height":768,"caption":"BRIKETY"},{"@type":"BreadcrumbList","@id":"https:\/\/drevomall.cz\/?page_id=63#breadcrumb","itemListElement":[{"@type":"ListItem","position":1,"name":"Domovsk\u00e1 str\u00e1nka","item":"https:\/\/drevomall.cz\/"},{"@type":"ListItem","position":2,"name":"Brikety"}]},{"@type":"WebSite","@id":"https:\/\/drevomall.cz\/#website","url":"https:\/\/drevomall.cz\/","name":"DREVOMALL.CZ","description":"Teplo domova ...","publisher":{"@id":"https:\/\/drevomall.cz\/#organization"},"potentialAction":[{"@type":"SearchAction","target":{"@type":"EntryPoint","urlTemplate":"https:\/\/drevomall.cz\/?s={search_term_string}"},"query-input":{"@type":"PropertyValueSpecification","valueRequired":true,"valueName":"search_term_string"}}],"inLanguage":"sk-SK"},{"@type":"Organization","@id":"https:\/\/drevomall.cz\/#organization","name":"DREVOMALL","url":"https:\/\/drevomall.cz\/","logo":{"@type":"ImageObject","inLanguage":"sk-SK","@id":"https:\/\/drevomall.cz\/#\/schema\/logo\/image\/","url":"https:\/\/drevomall.cz\/wp-content\/uploads\/2023\/10\/cropped-cropped-drevomall-logo-bez-pozadia.png","contentUrl":"https:\/\/drevomall.cz\/wp-content\/uploads\/2023\/10\/cropped-cropped-drevomall-logo-bez-pozadia.png","width":512,"height":512,"caption":"DREVOMALL"},"image":{"@id":"https:\/\/drevomall.cz\/#\/schema\/logo\/image\/"}}]}},"_links":{"self":[{"href":"http:\/\/drevomall.cz\/index.php?rest_route=\/wp\/v2\/pages\/63"}],"collection":[{"href":"http:\/\/drevomall.cz\/index.php?rest_route=\/wp\/v2\/pages"}],"about":[{"href":"http:\/\/drevomall.cz\/index.php?rest_route=\/wp\/v2\/types\/page"}],"author":[{"embeddable":true,"href":"http:\/\/drevomall.cz\/index.php?rest_route=\/wp\/v2\/users\/1"}],"replies":[{"embeddable":true,"href":"http:\/\/drevomall.cz\/index.php?rest_route=%2Fwp%2Fv2%2Fcomments&post=63"}],"version-history":[{"count":6,"href":"http:\/\/drevomall.cz\/index.php?rest_route=\/wp\/v2\/pages\/63\/revisions"}],"predecessor-version":[{"id":619,"href":"http:\/\/drevomall.cz\/index.php?rest_route=\/wp\/v2\/pages\/63\/revisions\/619"}],"wp:featuredmedia":[{"embeddable":true,"href":"http:\/\/drevomall.cz\/index.php?rest_route=\/wp\/v2\/media\/73"}],"wp:attachment":[{"href":"http:\/\/drevomall.cz\/index.php?rest_route=%2Fwp%2Fv2%2Fmedia&parent=63"}],"curies":[{"name":"wp","href":"https:\/\/api.w.org\/{rel}","templated":true}]}}